{"id":1776,"date":"2020-09-18T08:47:46","date_gmt":"2020-09-18T06:47:46","guid":{"rendered":"https:\/\/tennis-rudolstadt.de\/wp-dev\/?page_id=1776"},"modified":"2025-11-27T16:16:17","modified_gmt":"2025-11-27T15:16:17","slug":"hallenordnung","status":"publish","type":"page","link":"https:\/\/tennis-rudolstadt.de\/wp-dev\/hallenordnung\/","title":{"rendered":"Hallenordnung"},"content":{"rendered":"\t\t<div data-elementor-type=\"wp-page\" data-elementor-id=\"1776\" class=\"elementor elementor-1776\">\n\t\t\t\t\t\t<section class=\"elementor-section elementor-top-section elementor-element elementor-element-44eff5aa elementor-section-stretched elementor-section-boxed elementor-section-height-default elementor-section-height-default\" data-id=\"44eff5aa\" data-element_type=\"section\" data-e-type=\"section\" data-settings=\"{&quot;stretch_section&quot;:&quot;section-stretched&quot;,&quot;background_background&quot;:&quot;classic&quot;}\">\n\t\t\t\t\t\t\t<div class=\"elementor-background-overlay\"><\/div>\n\t\t\t\t\t\t\t<div class=\"elementor-container elementor-column-gap-default\">\n\t\t\t\t\t<div class=\"elementor-column elementor-col-100 elementor-top-column elementor-element elementor-element-b35a098\" data-id=\"b35a098\" data-element_type=\"column\" data-e-type=\"column\">\n\t\t\t<div class=\"elementor-widget-wrap elementor-element-populated\">\n\t\t\t\t\t\t<div class=\"elementor-element elementor-element-6eaabac9 elementor-widget elementor-widget-heading\" data-id=\"6eaabac9\" data-element_type=\"widget\" data-e-type=\"widget\" data-widget_type=\"heading.default\">\n\t\t\t\t<div class=\"elementor-widget-container\">\n\t\t\t\t\t<h1 class=\"elementor-heading-title elementor-size-xxl\">Hallenordnung<\/h1>\t\t\t\t<\/div>\n\t\t\t\t<\/div>\n\t\t\t\t\t<\/div>\n\t\t<\/div>\n\t\t\t\t\t<\/div>\n\t\t<\/section>\n\t\t\t\t<section class=\"elementor-section elementor-top-section elementor-element elementor-element-617977d5 elementor-section-content-middle elementor-reverse-tablet elementor-reverse-mobile elementor-section-boxed elementor-section-height-default elementor-section-height-default\" data-id=\"617977d5\" data-element_type=\"section\" data-e-type=\"section\">\n\t\t\t\t\t\t<div class=\"elementor-container elementor-column-gap-default\">\n\t\t\t\t\t<div class=\"elementor-column elementor-col-100 elementor-top-column elementor-element elementor-element-72b00e91\" data-id=\"72b00e91\" data-element_type=\"column\" data-e-type=\"column\">\n\t\t\t<div class=\"elementor-widget-wrap elementor-element-populated\">\n\t\t\t\t\t\t<div class=\"elementor-element elementor-element-c47221a elementor-widget elementor-widget-heading\" data-id=\"c47221a\" data-element_type=\"widget\" data-e-type=\"widget\" data-widget_type=\"heading.default\">\n\t\t\t\t<div class=\"elementor-widget-container\">\n\t\t\t\t\t<h2 class=\"elementor-heading-title elementor-size-default\">Allgemeine Bestimmungen<\/h2>\t\t\t\t<\/div>\n\t\t\t\t<\/div>\n\t\t\t\t<div class=\"elementor-element elementor-element-730f910 elementor-widget elementor-widget-text-editor\" data-id=\"730f910\" data-element_type=\"widget\" data-e-type=\"widget\" data-widget_type=\"text-editor.default\">\n\t\t\t\t<div class=\"elementor-widget-container\">\n\t\t\t\t\t\t\t\t\t<ol>\n<li>Die Pl\u00e4tze und die Halleneinrichtungen sind pfleglich zu behandeln. \u00dcber festgestellte M\u00e4ngel ist der Platzwart, der Trainer oder der Vorstand zeitnah zu informieren.<\/li>\n<li>Spieler und Besucher haften f\u00fcr die von ihnen schuldhaft verursachten Sch\u00e4den. F\u00fcr die von ihnen eingebrachten Gegenst\u00e4nde \u00fcbernimmt der Club keine Haftung.<\/li>\n<li>Das Spielen in der Halle ist nur mit geeigneten, Tennisschuhen (Sandplatzschuhe) gestattet. Vor dem Betreten der Halle sind die Schuhe ggf. gr\u00fcndlich zu s\u00e4ubern. Dies gilt auch f\u00fcr Nichtspieler; ggf. haben diese Schuh\u00fcberz\u00fcge zu benutzen. Die Tennisschuhe sind nach dem Verlassen der Halle im Hallenvorraum zu wechseln, um eine Verschmutzung der Vereinsr\u00e4ume und Umkleider\u00e4ume mit Granulat zu vermeiden.<\/li>\n<li>Das Rauchen ist in der Halle sowie im Hallenvorraum verboten.<\/li>\n<li>F\u00fcr Zeitbestimmungen ist die Hallenuhr ma\u00dfgebend.<\/li>\n<li>Das Verlassen der Halle durch die Notausgangst\u00fcren ist nur zu Fluchtzwecken gestattet<\/li>\n<li>Gegen Ende der Spielzeit ist der Platz kreisf\u00f6rmig von au\u00dfen nach innen vollst\u00e4ndig abzuziehen, so dass das Granulat von den Au\u00dfenbereichen in das Spielfeld verteilt wird. Die Linien sind nicht zu kehren. P\u00fcnktlich zum Stundenwechsel haben alle Spieler die Halle grunds\u00e4tzlich zu verlassen.<\/li><li>Die Tennishalle wird video\u00fcberwacht. Die Video\u00fcberwachung erfolgt zur Wahrnehmung des Hausrechts, zur Verhinderung von Straftaten sowie zur Geltendmachung, Aus\u00fcbung&nbsp;oder Verteidigung von Rechtsanspr\u00fcchen. Rechtsgrundlage der Video\u00fcberwachung ist Art. 6 Abs. 1 lit. f) DSGVO. Soweit besondere\nKategorien personenbezogener Daten verarbeitet werden, erfolgt dies auf Grundlage von Art. 9\nAbs. 2 lit. f) i.V.m. Art. 6 Abs. 1 lit. f) DSGVO.\nBerechtigte Interessen: Wahrnehmung des Hausrechts, Verhinderung von Straftaten sowie die\nGeltendmachung, Aus\u00fcbung und Verteidigung von Rechtsanspr\u00fcchen\n<\/li>\n<\/ol>\t\t\t\t\t\t\t\t<\/div>\n\t\t\t\t<\/div>\n\t\t\t\t<div class=\"elementor-element elementor-element-b6926b4 elementor-widget elementor-widget-heading\" data-id=\"b6926b4\" data-element_type=\"widget\" data-e-type=\"widget\" data-widget_type=\"heading.default\">\n\t\t\t\t<div class=\"elementor-widget-container\">\n\t\t\t\t\t<h2 class=\"elementor-heading-title elementor-size-default\">Besondere Bestimmungen<\/h2>\t\t\t\t<\/div>\n\t\t\t\t<\/div>\n\t\t\t\t<div class=\"elementor-element elementor-element-4711a60 elementor-widget elementor-widget-heading\" data-id=\"4711a60\" data-element_type=\"widget\" data-e-type=\"widget\" data-widget_type=\"heading.default\">\n\t\t\t\t<div class=\"elementor-widget-container\">\n\t\t\t\t\t<p class=\"elementor-heading-title elementor-size-default\"><strong>a) Sommersaison<\/strong>\n<\/p>\t\t\t\t<\/div>\n\t\t\t\t<\/div>\n\t\t\t\t<div class=\"elementor-element elementor-element-a64684e elementor-widget elementor-widget-text-editor\" data-id=\"a64684e\" data-element_type=\"widget\" data-e-type=\"widget\" data-widget_type=\"text-editor.default\">\n\t\t\t\t<div class=\"elementor-widget-container\">\n\t\t\t\t\t\t\t\t\t<ol><li>Die Pl\u00e4tze k\u00f6nnen t\u00e4glich von 8.00 Uhr bis 23.00 Uhr belegt werden; eine besondere finanzielle Forderung wird nicht erhoben. F\u00fcr die Beleuchtung und Heizung sind von den Benutzern die entsprechenden Geb\u00fchren \u00fcber den Automaten zu entrichten.<\/li><li>Die Belegung eines Platzes ist ausschlie\u00dflich online \u00fcber den Belegungsplan gestattet.<\/li><li>Eine Belegung kann bis zu 60 Minuten \u2013 einschlie\u00dflich Platzpflege \u2013 erfolgen. Das gilt auch f\u00fcr Trainerstunden.<\/li><li>Dem vom Vorstand zugelassenen Trainer steht f\u00fcr eigene Trainerstunden die Halle zur Verf\u00fcgung, so der Trainer den Platz online gebucht hat.<\/li><li>Die Anmietung von Tennishallenstunden in Verbindung mit einem Tennistrainer, der keinen gesonderten Vertrag mit dem TV am Saalebogen hat, bedarf der ausdr\u00fccklichen Zustimmung des Vorstandes.<\/li><\/ol>\t\t\t\t\t\t\t\t<\/div>\n\t\t\t\t<\/div>\n\t\t\t\t<div class=\"elementor-element elementor-element-2d68204 elementor-widget elementor-widget-heading\" data-id=\"2d68204\" data-element_type=\"widget\" data-e-type=\"widget\" data-widget_type=\"heading.default\">\n\t\t\t\t<div class=\"elementor-widget-container\">\n\t\t\t\t\t<p class=\"elementor-heading-title elementor-size-default\"><strong>b) Wintersaison<\/strong><\/p>\t\t\t\t<\/div>\n\t\t\t\t<\/div>\n\t\t\t\t<div class=\"elementor-element elementor-element-a4a46bc elementor-widget elementor-widget-text-editor\" data-id=\"a4a46bc\" data-element_type=\"widget\" data-e-type=\"widget\" data-widget_type=\"text-editor.default\">\n\t\t\t\t<div class=\"elementor-widget-container\">\n\t\t\t\t\t\t\t\t\t<ol><li>Die Hallenpl\u00e4tze f\u00fcr die Wintersaison werden, soweit m\u00f6glich, in einem Abonnement vom Vorstand vergeben. Die Clubmitglieder k\u00f6nnen sich jederzeit \u00fcber die aktuelle Belegung online informieren. Ein Abo-Neuantrag f\u00fcr freie Hallenstunden kann dem Vorstand jederzeit zugeleitet werden.<\/li><li>Bei der Vergabe von Abonnements werden Clubmitglieder vorrangig ber\u00fccksichtigt.<\/li><li>Das Abonnement verl\u00e4ngert sich jeweils um 1 Jahr, wenn es nicht fristgerecht bis zum 15. April e. J. schriftlich gek\u00fcndigt wird. Die Abonnenten werden bez\u00fcglich derK\u00fcndigungsfristen durch einen entsprechenden Hinweis auf der Abo-Best\u00e4tigung, auf der Mitteilung \u00fcber den Zahlbetrag und durch entsprechende Informationen auf der Homepage des Clubs hingewiesen.<\/li><li>Die Weitergabe eines Abonnements oder einer Hallenstunde im Abonnement im Ganzen bedarf der Zustimmung des Vorstandes.<\/li><li>Nicht abonnierte Platzstunden k\u00f6nnen vom Clubgastronom von Fall zu Fall als Einzelstunden, h\u00f6chstens zwei Wochen im Voraus, vermietet werden. Die Mietgeb\u00fchr ist vor Spielbeginn im Restaurant zu entrichten.<\/li><li>Eine unentgeltliche Benutzung der Hallenpl\u00e4tze ist nicht gestattet. Dieses gilt auch f\u00fcr freie Pl\u00e4tze vor oder im Anschluss an gemietete Stunden.<\/li><li>Der Hallenmieter sichert zu, dass die von ihm im Rahmen der Buchung bzw. des Vertragsschlusses gemachten Angaben \u00fcber seine Person und sonstige vertragsrelevante Umst\u00e4nde vollst\u00e4ndig und richtig sind. Der Hallenmieter verpflichtet sich, dem TV am Saalebogen jeweils unverz\u00fcglich \u00fcber \u00c4nderungen der Daten zu unterrichten und auf entsprechende Anfrage des TV am Saalebogen die Daten zu best\u00e4tigen.<\/li><\/ol>\t\t\t\t\t\t\t\t<\/div>\n\t\t\t\t<\/div>\n\t\t\t\t<div class=\"elementor-element elementor-element-1493ac2 elementor-widget elementor-widget-heading\" data-id=\"1493ac2\" data-element_type=\"widget\" data-e-type=\"widget\" data-widget_type=\"heading.default\">\n\t\t\t\t<div class=\"elementor-widget-container\">\n\t\t\t\t\t<h2 class=\"elementor-heading-title elementor-size-default\">Platzbelegung<\/h2>\t\t\t\t<\/div>\n\t\t\t\t<\/div>\n\t\t\t\t<div class=\"elementor-element elementor-element-e6e33e4 elementor-widget elementor-widget-text-editor\" data-id=\"e6e33e4\" data-element_type=\"widget\" data-e-type=\"widget\" data-widget_type=\"text-editor.default\">\n\t\t\t\t<div class=\"elementor-widget-container\">\n\t\t\t\t\t\t\t\t\t<p>Der Verein ist f\u00fcr die Vergabe der einzelnen Pl\u00e4tze an die Mieter der Tennishalle verantwortlich. Der Verein beh\u00e4lt sich vor, die zugeteilten Pl\u00e4tze w\u00e4hrend der jeweiligen Laufzeit des Mietvertrages zu \u00e4ndern und die zugeteilten Pl\u00e4tze f\u00fcr besondere Zwecke (z.B. Turniere, notwendige Reparaturen, S\u00e4uberung der Halle, etc.) gegen Gutschrift der anteiligen Platzmiete oder Vergabe von Ersatzzeiten in Anspruch zu nehmen.<\/p>\t\t\t\t\t\t\t\t<\/div>\n\t\t\t\t<\/div>\n\t\t\t\t<div class=\"elementor-element elementor-element-6bc707a elementor-widget elementor-widget-heading\" data-id=\"6bc707a\" data-element_type=\"widget\" data-e-type=\"widget\" data-widget_type=\"heading.default\">\n\t\t\t\t<div class=\"elementor-widget-container\">\n\t\t\t\t\t<h2 class=\"elementor-heading-title elementor-size-default\">Buchungsbest\u00e4tigung \/ K\u00fcndigung \/ Stornierungen \/ Widerruf<\/h2>\t\t\t\t<\/div>\n\t\t\t\t<\/div>\n\t\t\t\t<div class=\"elementor-element elementor-element-fcf7d51 elementor-widget elementor-widget-text-editor\" data-id=\"fcf7d51\" data-element_type=\"widget\" data-e-type=\"widget\" data-widget_type=\"text-editor.default\">\n\t\t\t\t<div class=\"elementor-widget-container\">\n\t\t\t\t\t\t\t\t\t<p>Wird die Buchungsbest\u00e4tigung von dauerhaft bzw. saisonweise gebuchten Stunden nicht innerhalb von 7\u00a0Tagen schriftlich beim TV am Saalebogen widersprochen, so gilt der Mietvertrag als abgeschlossen. Eine Begr\u00fcndung des Widerspruchs ist nicht erforderlich.<\/p><p>Der Vorstand beh\u00e4lt sich im Falle von Verst\u00f6\u00dfen gegen die Hallenordnung die fristlose K\u00fcndigung vor. Die K\u00fcndigung des Mietvertrages durch den Vorstand kann nur aus wichtigem Grund erfolgen . Eine ordentliche K\u00fcndigung durch den Mieter ist ausgeschlossen. Eine Aufhebung des Mietvertrages ist nur im gegenseitigen Einvernehmen m\u00f6glich und bedarf der Schriftform.<\/p><p>Stornierungen von online gebuchten Einzelstunden \u00fcber das Internetportal tennis-rudolstadt.de\/tvas-booking\/ sind nicht m\u00f6glich. Verbindlich gebuchte Einzelstunden sind zu bezahlen.<\/p>\t\t\t\t\t\t\t\t<\/div>\n\t\t\t\t<\/div>\n\t\t\t\t<div class=\"elementor-element elementor-element-4912196 elementor-widget elementor-widget-heading\" data-id=\"4912196\" data-element_type=\"widget\" data-e-type=\"widget\" data-widget_type=\"heading.default\">\n\t\t\t\t<div class=\"elementor-widget-container\">\n\t\t\t\t\t<h2 class=\"elementor-heading-title elementor-size-default\">Haftungsausschluss<\/h2>\t\t\t\t<\/div>\n\t\t\t\t<\/div>\n\t\t\t\t<div class=\"elementor-element elementor-element-ea74658 elementor-widget elementor-widget-text-editor\" data-id=\"ea74658\" data-element_type=\"widget\" data-e-type=\"widget\" data-widget_type=\"text-editor.default\">\n\t\t\t\t<div class=\"elementor-widget-container\">\n\t\t\t\t\t\t\t\t\t<p>Das Tennisspielen in der Tennishalle erfolgt auf eigene Gefahr und eigenes Risiko des Mieters.<\/p><p>Sportunf\u00e4lle und sonstige besondere Vorkommnisse sind unverz\u00fcglich der Gesch\u00e4ftsstelle des TV am Saalebogen Rudolstadt e.V. zu melden.<\/p><p>Eine Haftung des Vereins und seiner Bevollm\u00e4chtigte sowie seiner Mitarbeiter und Aushilfen und des Eigent\u00fcmers des Gel\u00e4ndes gegen\u00fcber den Mitgliedern und Mietern ist in jedem Falle ausgeschlossen. Es besteht insbesondere keine Haftung bei Verletzungen oder Diebstahl an Kleidung, Ausr\u00fcstung, Wertgegenst\u00e4nden gleich welcher Art sowie bei Entwendungen und Besch\u00e4digungen von Fahrzeugen oder Fahrr\u00e4dern.<\/p><p>Sofern durch h\u00f6here Gewalt Umst\u00e4nde eintreten, die den ordnungsgem\u00e4\u00dfen Spielbetrieb nicht zulassen, \u00fcbernimmt der Verein keine Haftung f\u00fcr den entsprechenden Nutzungsausfall.<\/p><p>F\u00fcr die Gesch\u00e4ftsverbindung zwischen dem Hallenmieter und dem Verein gilt deutsches Recht. Dies gilt auch f\u00fcr die Buchung von Tennishallenstunden \u00fcber das Internet. Erf\u00fcllungsort und Gerichtsstand ist Rudolstadt.<\/p><p>Der TV am Saalebogen Rudolstadt e.V. wird durch den Vorstand des Vereins vertreten. Der Verein wird gerichtlich und au\u00dfergerichtlich von dem gesch\u00e4ftsf\u00fchrenden Vorstand vertreten. Sie sind Vorstand im Sinne \u00a726 BGB. Der Verein wird gegen\u00fcber Dritten durch jeweils zwei Vorstandsmitglieder vertreten.<\/p><p>Sollten Teile dieser Bedingungen unwirksam sein, werden die \u00fcbrigen dadurch nicht ber\u00fchrt. Die unwirksamen Teile werden durch eine ihrem Regelungszweck am n\u00e4chsten kommende Regelung im Wege der erg\u00e4nzenden Auslegung ersetzt.<\/p><p>Diese Allgemeinen Bedingungen treten mit Wirkung 28.09.2019 in Kraft.<\/p>\t\t\t\t\t\t\t\t<\/div>\n\t\t\t\t<\/div>\n\t\t\t\t<div class=\"elementor-element elementor-element-4dc35bf elementor-widget elementor-widget-heading\" data-id=\"4dc35bf\" data-element_type=\"widget\" data-e-type=\"widget\" data-widget_type=\"heading.default\">\n\t\t\t\t<div class=\"elementor-widget-container\">\n\t\t\t\t\t<p class=\"elementor-heading-title elementor-size-default\"><strong>Rudolstadt, den 28.9.2019\nVorstand<\/strong><\/p>\t\t\t\t<\/div>\n\t\t\t\t<\/div>\n\t\t\t\t\t<\/div>\n\t\t<\/div>\n\t\t\t\t\t<\/div>\n\t\t<\/section>\n\t\t\t\t<\/div>\n\t\t","protected":false},"excerpt":{"rendered":"<p>Hallenordnung Allgemeine Bestimmungen Die Pl\u00e4tze und die Halleneinrichtungen sind pfleglich zu behandeln. \u00dcber festgestellte M\u00e4ngel ist der Platzwart, der Trainer oder der Vorstand zeitnah zu informieren. Spieler und Besucher haften f\u00fcr die von ihnen schuldhaft verursachten Sch\u00e4den. F\u00fcr die von ihnen eingebrachten Gegenst\u00e4nde \u00fcbernimmt der Club keine Haftung. Das Spielen in der Halle ist nur &hellip; <\/p>\n<p class=\"link-more\"><a href=\"https:\/\/tennis-rudolstadt.de\/wp-dev\/hallenordnung\/\" class=\"more-link\"><span class=\"screen-reader-text\">\u201eHallenordnung\u201c<\/span> weiterlesen<\/a><\/p>\n","protected":false},"author":2,"featured_media":0,"parent":0,"menu_order":0,"comment_status":"closed","ping_status":"closed","template":"elementor_header_footer","meta":{"footnotes":""},"class_list":["post-1776","page","type-page","status-publish","hentry","entry"],"_links":{"self":[{"href":"https:\/\/tennis-rudolstadt.de\/wp-dev\/wp-json\/wp\/v2\/pages\/1776","targetHints":{"allow":["GET"]}}],"collection":[{"href":"https:\/\/tennis-rudolstadt.de\/wp-dev\/wp-json\/wp\/v2\/pages"}],"about":[{"href":"https:\/\/tennis-rudolstadt.de\/wp-dev\/wp-json\/wp\/v2\/types\/page"}],"author":[{"embeddable":true,"href":"https:\/\/tennis-rudolstadt.de\/wp-dev\/wp-json\/wp\/v2\/users\/2"}],"replies":[{"embeddable":true,"href":"https:\/\/tennis-rudolstadt.de\/wp-dev\/wp-json\/wp\/v2\/comments?post=1776"}],"version-history":[{"count":7,"href":"https:\/\/tennis-rudolstadt.de\/wp-dev\/wp-json\/wp\/v2\/pages\/1776\/revisions"}],"predecessor-version":[{"id":2158,"href":"https:\/\/tennis-rudolstadt.de\/wp-dev\/wp-json\/wp\/v2\/pages\/1776\/revisions\/2158"}],"wp:attachment":[{"href":"https:\/\/tennis-rudolstadt.de\/wp-dev\/wp-json\/wp\/v2\/media?parent=1776"}],"curies":[{"name":"wp","href":"https:\/\/api.w.org\/{rel}","templated":true}]}}